{"id":1823,"date":"2024-07-24T10:58:17","date_gmt":"2024-07-24T08:58:17","guid":{"rendered":"http:\/\/ptsm.com.pl\/simorg\/?page_id=1823"},"modified":"2026-03-05T13:17:12","modified_gmt":"2026-03-05T12:17:12","slug":"webinar","status":"publish","type":"page","link":"http:\/\/ptsm.com.pl\/simorg\/","title":{"rendered":"Wydarzenia"},"content":{"rendered":"\t\t<div data-elementor-type=\"wp-page\" data-elementor-id=\"1823\" class=\"elementor elementor-1823\">\n\t\t\t\t\t\t<div class=\"elementor-inner\">\n\t\t\t\t<div class=\"elementor-section-wrap\">\n\t\t\t\t\t\t\t\t\t<section class=\"elementor-section elementor-top-section elementor-element elementor-element-eda2912 elementor-section-boxed elementor-section-height-default elementor-section-height-default\" data-id=\"eda2912\" data-element_type=\"section\">\n\t\t\t\t\t\t<div class=\"elementor-container elementor-column-gap-default\">\n\t\t\t\t\t\t\t<div class=\"elementor-row\">\n\t\t\t\t\t<div class=\"elementor-column elementor-col-100 elementor-top-column elementor-element elementor-element-892c6d6\" data-id=\"892c6d6\" data-element_type=\"column\">\n\t\t\t<div class=\"elementor-column-wrap elementor-element-populated\">\n\t\t\t\t\t\t\t<div class=\"elementor-widget-wrap\">\n\t\t\t\t\t\t<div class=\"elementor-element elementor-element-f85ff00 elementor-widget elementor-widget-accordion\" data-id=\"f85ff00\" data-element_type=\"widget\" data-widget_type=\"accordion.default\">\n\t\t\t\t<div class=\"elementor-widget-container\">\n\t\t\t\t\t<div class=\"elementor-accordion\" role=\"tablist\">\n\t\t\t\t\t\t\t<div class=\"elementor-accordion-item\">\n\t\t\t\t\t<div id=\"elementor-tab-title-2601\" class=\"elementor-tab-title\" data-tab=\"1\" role=\"tab\" aria-controls=\"elementor-tab-content-2601\" aria-expanded=\"false\">\n\t\t\t\t\t\t\t\t\t\t\t\t\t<span class=\"elementor-accordion-icon elementor-accordion-icon-left\" aria-hidden=\"true\">\n\t\t\t\t\t\t\t\t\t\t\t\t\t\t\t<span class=\"elementor-accordion-icon-closed\"><i class=\"fas fa-procedures\"><\/i><\/span>\n\t\t\t\t\t\t\t\t<span class=\"elementor-accordion-icon-opened\"><i class=\"fas fa-minus\"><\/i><\/span>\n\t\t\t\t\t\t\t\t\t\t\t\t\t\t<\/span>\n\t\t\t\t\t\t\t\t\t\t\t\t<a class=\"elementor-accordion-title\" href=\"\"> ZAPROSZENIE NA I KONGRES PTSM<\/a>\n\t\t\t\t\t<\/div>\n\t\t\t\t\t<div id=\"elementor-tab-content-2601\" class=\"elementor-tab-content elementor-clearfix\" data-tab=\"1\" role=\"tabpanel\" aria-labelledby=\"elementor-tab-title-2601\"><div style=\"color: #222222; font-family: Arial, Helvetica, sans-serif; font-size: small;\"><h2 dir=\"auto\" style=\"text-align: center;\"><img loading=\"lazy\" decoding=\"async\" src=\"https:\/\/ci3.googleusercontent.com\/meips\/ADKq_NZxC-gWWxBwv3zkyxVfQ9WEXP8YkDJbvRaKgyt8_B6U5XOg4_uI2M-huk-35o1OrRiNvE6mIUJ9ODI3YY8BfH-jd8yDzRGpvMYZDiun7DZGk7p_VKgjPyY=s0-d-e1-ft#https:\/\/static.xx.fbcdn.net\/images\/emoji.php\/v9\/t62\/2\/16\/1fa7a.png\" alt=\"\ud83e\ude7a\" width=\"16\" height=\"16\" data-bit=\"iit\" \/><img loading=\"lazy\" decoding=\"async\" src=\"https:\/\/ci3.googleusercontent.com\/meips\/ADKq_NZA5cMzzSxYjrQ-jL3dolS28vH_JvmuboLqA0-SdkraW37JgmyP0U870GVk8udFnXcIMoyZ8Ju7DU25ohoihe9MdDXuZVb6OzC2b8hPy_0-UYPQK7bTbM8=s0-d-e1-ft#https:\/\/static.xx.fbcdn.net\/images\/emoji.php\/v9\/t6c\/2\/16\/1f489.png\" alt=\"\ud83d\udc89\" width=\"16\" height=\"16\" data-bit=\"iit\" \/>\u00a0ZAPROSZENIE NA I KONGRES PTSM\u00a0<img loading=\"lazy\" decoding=\"async\" src=\"https:\/\/ci3.googleusercontent.com\/meips\/ADKq_NZA5cMzzSxYjrQ-jL3dolS28vH_JvmuboLqA0-SdkraW37JgmyP0U870GVk8udFnXcIMoyZ8Ju7DU25ohoihe9MdDXuZVb6OzC2b8hPy_0-UYPQK7bTbM8=s0-d-e1-ft#https:\/\/static.xx.fbcdn.net\/images\/emoji.php\/v9\/t6c\/2\/16\/1f489.png\" alt=\"\ud83d\udc89\" width=\"16\" height=\"16\" data-bit=\"iit\" \/><img loading=\"lazy\" decoding=\"async\" src=\"https:\/\/ci3.googleusercontent.com\/meips\/ADKq_NZxC-gWWxBwv3zkyxVfQ9WEXP8YkDJbvRaKgyt8_B6U5XOg4_uI2M-huk-35o1OrRiNvE6mIUJ9ODI3YY8BfH-jd8yDzRGpvMYZDiun7DZGk7p_VKgjPyY=s0-d-e1-ft#https:\/\/static.xx.fbcdn.net\/images\/emoji.php\/v9\/t62\/2\/16\/1fa7a.png\" alt=\"\ud83e\ude7a\" width=\"16\" height=\"16\" data-bit=\"iit\" \/><\/h2><div dir=\"auto\">\u00a0<\/div><\/div><div style=\"color: #222222; font-family: Arial, Helvetica, sans-serif; font-size: small;\"><div dir=\"auto\">Szanowni Cz\u0142onkowie i Cz\u0142onkinie PTSM,\u00a0<span style=\"background-color: rgba(255, 255, 255, 0); word-spacing: normal;\">Drogie Kole\u017canki, Drodzy Koledzy,<\/span><\/div><\/div><div style=\"color: #222222; font-family: Arial, Helvetica, sans-serif; font-size: small;\"><div dir=\"auto\">\u00a0<\/div><div dir=\"auto\">Z ogromn\u0105 rado\u015bci\u0105 i lekk\u0105 tachykardi\u0105 zapraszamy na I Zjazd Polskiego Towarzystwa Symulacji Medycznej!<\/div><\/div><div style=\"color: #222222; font-family: Arial, Helvetica, sans-serif; font-size: small;\"><div dir=\"auto\"><img loading=\"lazy\" decoding=\"async\" src=\"https:\/\/ci3.googleusercontent.com\/meips\/ADKq_NYpAG0CXV_cxO60kz5ZX99UgtnWHinxN2MFG5JA3Cktj2gBjstmIR0dHTVoTbMWkdIaV2zYxOzm5zIrHwHtoB6yuJBGjRomu3cbCSwTvyozNNytJfOM31g=s0-d-e1-ft#https:\/\/static.xx.fbcdn.net\/images\/emoji.php\/v9\/tcc\/2\/16\/1f4cd.png\" alt=\"\ud83d\udccd\" width=\"16\" height=\"16\" data-bit=\"iit\" \/>\u00a0Gdzie? Tam, gdzie adrenalina spotyka edukacj\u0119.<\/div><div dir=\"auto\"><img loading=\"lazy\" decoding=\"async\" src=\"https:\/\/ci3.googleusercontent.com\/meips\/ADKq_NahNkDC_QTsr_rND9n8bsQoLOA-QIRn17J14HorwL_teliHWeGNVsW3rGCglilUF8IOBcemaKgcBbU24XQXyjAHzAk4veyokknJhUyy5EIn44bNTW702FQ=s0-d-e1-ft#https:\/\/static.xx.fbcdn.net\/images\/emoji.php\/v9\/t1d\/2\/16\/1f4c5.png\" alt=\"\ud83d\udcc5\" width=\"16\" height=\"16\" data-bit=\"iit\" \/>\u00a0Kiedy? 11-12 grudnia \u2013 wi\u0119c nie odk\u0142adajcie tego na p\u00f3\u017aniej jak badania profilaktyczne!<\/div><div dir=\"auto\">\u00a0<\/div><\/div><div style=\"color: #222222; font-family: Arial, Helvetica, sans-serif; font-size: small;\"><div dir=\"auto\">Wierzymy, \u017ce razem tworzymy \u015brodowisko, w kt\u00f3rym:<\/div><\/div><div style=\"color: #222222; font-family: Arial, Helvetica, sans-serif; font-size: small;\"><div dir=\"auto\">\u2022 relacje zawodowe s\u0105 jak dobrze zszyta rana \u2013 trwa\u0142e i bez powik\u0142a\u0144,<\/div><div dir=\"auto\">\u2022 edukacja oparta na symulacji to nie tylko CPR na fantomie, ale prawdziwa resuscytacja pasji do nauki!<\/div><div dir=\"auto\">\u00a0<\/div><\/div><div style=\"color: #222222; font-family: Arial, Helvetica, sans-serif; font-size: small;\"><div dir=\"auto\"><img loading=\"lazy\" decoding=\"async\" src=\"https:\/\/ci3.googleusercontent.com\/meips\/ADKq_NYZGuuui_p5Lrlrk4a12mcXfpAKfTbh1RKTYo3Mz_wg5BmdozxIoMYaoATK3kxyQKJLHIZ-UB31N_Fol0dBukA3R37Rc2U0GOLwoeoiIcPpMgl9cVydcaY=s0-d-e1-ft#https:\/\/static.xx.fbcdn.net\/images\/emoji.php\/v9\/tdf\/2\/16\/1f4a5.png\" alt=\"\ud83d\udca5\" width=\"16\" height=\"16\" data-bit=\"iit\" \/>\u00a0B\u0119dzie si\u0119 dzia\u0142o! Scenariusze, Emocje, Debriefingi\u2026<\/div><\/div><div style=\"color: #222222; font-family: Arial, Helvetica, sans-serif; font-size: small;\"><div dir=\"auto\">Do\u0142\u0105czcie do nas \u2013 niech ten zjazd b\u0119dzie jak dobrze przeprowadzony symulowany uraz: intensywny, pouczaj\u0105cy i niezapomniany!<\/div><div dir=\"auto\">\u00a0<\/div><\/div><div style=\"color: #222222; font-family: Arial, Helvetica, sans-serif; font-size: small;\"><div dir=\"auto\">Z symulacyjnym entuzjazmem,\u00a0<\/div><div dir=\"auto\">Zarz\u0105d Polskiego Towarzystwa Symulacji Medycznej<\/div><div dir=\"auto\">Wojskowy Instytut Medyczny \u2013 Pa\u0144stwowy Instytut Badawczy\u00a0<a style=\"color: #1155cc;\" role=\"link\" href=\"https:\/\/www.facebook.com\/hashtag\/centrumsymulacjiwim?__eep__=6&amp;__cft__[0]=AZXs0y0W-bjxW2RS-YKcyJlNMD5FvKs_nORFVScZtq6WhHoce_rWHlB60bKO6bN6o74J_0lk3XGm-SxDPiRqSb90NUoSLyACstndUfYijxyXDwd8-yzt2ja0my7ctAclca7UGALQZyMBLYVGjcwm-ud9gtAVNi3vZ0ea-oY3a8e7mQ&amp;__tn__=*NK-R\" target=\"_blank\" rel=\"noopener\" data-saferedirecturl=\"https:\/\/www.google.com\/url?q=https:\/\/www.facebook.com\/hashtag\/centrumsymulacjiwim?__eep__%3D6%26__cft__%5B0%5D%3DAZXs0y0W-bjxW2RS-YKcyJlNMD5FvKs_nORFVScZtq6WhHoce_rWHlB60bKO6bN6o74J_0lk3XGm-SxDPiRqSb90NUoSLyACstndUfYijxyXDwd8-yzt2ja0my7ctAclca7UGALQZyMBLYVGjcwm-ud9gtAVNi3vZ0ea-oY3a8e7mQ%26__tn__%3D*NK-R&amp;source=gmail&amp;ust=1762237845252000&amp;usg=AOvVaw3vZj7tXPKu8tM0GwsULUim\">#CentrumSymulacjiWIM<\/a>\u00a0<a style=\"color: #1155cc;\" role=\"link\" href=\"https:\/\/www.facebook.com\/hashtag\/medycynawmundurze?__eep__=6&amp;__cft__[0]=AZXs0y0W-bjxW2RS-YKcyJlNMD5FvKs_nORFVScZtq6WhHoce_rWHlB60bKO6bN6o74J_0lk3XGm-SxDPiRqSb90NUoSLyACstndUfYijxyXDwd8-yzt2ja0my7ctAclca7UGALQZyMBLYVGjcwm-ud9gtAVNi3vZ0ea-oY3a8e7mQ&amp;__tn__=*NK-R\" target=\"_blank\" rel=\"noopener\" data-saferedirecturl=\"https:\/\/www.google.com\/url?q=https:\/\/www.facebook.com\/hashtag\/medycynawmundurze?__eep__%3D6%26__cft__%5B0%5D%3DAZXs0y0W-bjxW2RS-YKcyJlNMD5FvKs_nORFVScZtq6WhHoce_rWHlB60bKO6bN6o74J_0lk3XGm-SxDPiRqSb90NUoSLyACstndUfYijxyXDwd8-yzt2ja0my7ctAclca7UGALQZyMBLYVGjcwm-ud9gtAVNi3vZ0ea-oY3a8e7mQ%26__tn__%3D*NK-R&amp;source=gmail&amp;ust=1762237845252000&amp;usg=AOvVaw3uhcMNwXN6UrCEpPvYNQzi\">#medycynawmundurze<\/a><\/div><div dir=\"auto\"><div dir=\"auto\">\u00a0<\/div><div dir=\"auto\">Kongres\u00a0jest organizowany przy wsp\u00f3\u0142pracy i pod patronatem czasopisma CCI Joural\u00a0<a style=\"background-color: rgba(255, 255, 255, 0); word-spacing: normal; color: #1155cc;\" href=\"https:\/\/www.irdim.net\/cci\/index.html\" target=\"_blank\" rel=\"noopener\" data-saferedirecturl=\"https:\/\/www.google.com\/url?q=https:\/\/www.irdim.net\/cci\/index.html&amp;source=gmail&amp;ust=1764918721732000&amp;usg=AOvVaw25m80BejATOeGsfpU7Shg5\">https:\/\/www.irdim.net\/cci\/<wbr \/>index.html<\/a><\/div><\/div><div dir=\"auto\">\u00a0<\/div><div dir=\"auto\"><img loading=\"lazy\" decoding=\"async\" src=\"http:\/\/ptsm.com.pl\/simorg\/wp-content\/uploads\/2025\/11\/Zaproszenie-1024x576.gif\" alt=\"\" width=\"1024\" height=\"576\" \/><\/div><\/div><\/div>\n\t\t\t\t<\/div>\n\t\t\t\t\t\t\t<div class=\"elementor-accordion-item\">\n\t\t\t\t\t<div id=\"elementor-tab-title-2602\" class=\"elementor-tab-title\" data-tab=\"2\" role=\"tab\" aria-controls=\"elementor-tab-content-2602\" aria-expanded=\"false\">\n\t\t\t\t\t\t\t\t\t\t\t\t\t<span class=\"elementor-accordion-icon elementor-accordion-icon-left\" aria-hidden=\"true\">\n\t\t\t\t\t\t\t\t\t\t\t\t\t\t\t<span class=\"elementor-accordion-icon-closed\"><i class=\"fas fa-procedures\"><\/i><\/span>\n\t\t\t\t\t\t\t\t<span class=\"elementor-accordion-icon-opened\"><i class=\"fas fa-minus\"><\/i><\/span>\n\t\t\t\t\t\t\t\t\t\t\t\t\t\t<\/span>\n\t\t\t\t\t\t\t\t\t\t\t\t<a class=\"elementor-accordion-title\" href=\"\">I Konferencja Naukowa Symulacji Medycznej \u201eFRYCZ \u2013 MED. \u2013 teoria i praktyka\u201d \u201eInterprofesjonalizm w symulacji medycznej\u201d<\/a>\n\t\t\t\t\t<\/div>\n\t\t\t\t\t<div id=\"elementor-tab-content-2602\" class=\"elementor-tab-content elementor-clearfix\" data-tab=\"2\" role=\"tabpanel\" aria-labelledby=\"elementor-tab-title-2602\"><p style=\"text-align: center;\"><span style=\"font-weight: bold;\">I Konferencja Naukowa Symulacji Medycznej \u201eFRYCZ \u2013 MED. \u2013 teoria i praktyka\u201d<\/span><br \/><span style=\"font-weight: bold;\">\u201eInterprofesjonalizm w symulacji medycznej\u201d<\/span><\/p><p>Ju\u017c 28 marca 2025 roku w Uniwersytecie Andrzeja Frycza Modrzewskiego w Krakowie odb\u0119dzie si\u0119\u00a0<span style=\"font-weight: bold;\">I Konferencja Naukowa Symulacji Medycznej<\/span><br \/><span style=\"font-weight: bold;\">\u201eFrycz-Med &#8211; teoria i praktyka\u201d.<\/span><br \/>Tematem przewodnim konferencji jest\u00a0<span style=\"font-weight: bold;\">\u201eInterprofesjonalizm w symulacji medycznej\u201d<\/span>.<br \/>To wyj\u0105tkowe wydarzenie naukowe po\u015bwi\u0119cone b\u0119dzie interdyscyplinarnemu podej\u015bciu do symulacji medycznej, kt\u00f3ra staje si\u0119 kluczowym narz\u0119dziem w nowoczesnym kszta\u0142ceniu przeddyplomowym i podyplomowym oraz w rozwijaniu kompetencji interprofesjonalnych w\u015br\u00f3d pracownik\u00f3w ochrony zdrowia.<\/p><p><span style=\"font-weight: bold;\">TEMATYKA KONFERENCJI<\/span><br \/>Motywem przewodnim spotkania b\u0119dzie \u201eInterprofesjonalizm w symulacji medycznej\u201d, czyli wsp\u00f3\u0142praca r\u00f3\u017cnych grup zawodowych \u2013 lekarzy, piel\u0119gniarek, po\u0142o\u017cnych, fizjoterapeut\u00f3w, ratownik\u00f3w medycznych \u2013 w \u015brodowisku symulacyjnym. Dyskusja b\u0119dzie skupiona na praktycznych aspektach symulacji, jej wp\u0142ywie na kszta\u0142cenie kompetencji mi\u0119kkich, a tak\u017ce na budowaniu efektywnego zespo\u0142u medycznego w oparciu o wsp\u00f3lne do\u015bwiadczenia.<\/p><p><span style=\"font-weight: bold;\">DO KOGO SKIEROWANA JEST KONFERENCJA?<\/span><br \/>Wydarzenie jest dedykowane szerokiemu gronu odbiorc\u00f3w zwi\u0105zanych z edukacj\u0105 i praktyk\u0105 medyczn\u0105:<\/p><ul><li>personelowi medycznemu, kt\u00f3ry wykorzystuje symulacj\u0119 medyczn\u0105 w codziennej pracy i procesie kszta\u0142cenia zawodowego.<\/li><li>nauczycielom akademickim stosuj\u0105cym symulacj\u0119 w edukacji przeddyplomowej i podyplomowej.<\/li><li>studentom kierunk\u00f3w medycznych, pragn\u0105cym rozwija\u0107 swoje umiej\u0119tno\u015bci praktyczne w innowacyjny spos\u00f3b.<\/li><\/ul><p><span style=\"font-weight: bold;\">DLACZEGO WARTO WZI\u0104\u0106 UDZIA\u0141?<\/span><br \/>Zapraszamy Pa\u0144stwa na wydarzenie, kt\u00f3re b\u0119dzie \u0142\u0105czy\u0142o w sobie form\u0119 prelekcji, praktycznych warsztat\u00f3w, dyskusji panelowych. Ponadto b\u0119dzie to doskona\u0142a okazja do nawi\u0105zania kontakt\u00f3w, wymiany do\u015bwiadcze\u0144, spojrzenia na nauczanie poprzez zaj\u0119cia symulacyjne pod r\u00f3\u017cnym k\u0105tem: specjalno\u015bci medycznych czy \u015brodowiska nauczania. Wszystkie te elementy stanowi\u0105 podstaw\u0119 rozwoju naukowego i zawodowego dla wszystkich pasjonat\u00f3w symulacji medycznej. Nie przegapcie szansy na udzia\u0142 w tym wyj\u0105tkowym wydarzeniu naukowym, kt\u00f3re \u0142\u0105czy teori\u0119 z praktyk\u0105 i otwiera nowe mo\u017cliwo\u015bci w rozwoju edukacji medycznej!<\/p><p>Szczeg\u00f3\u0142y dotycz\u0105ce wydarzenia i mo\u017cliwo\u015b\u0107 rejestracji znajdziecie pod adresem:<br \/><a style=\"color: #1ebbf0;\" href=\"https:\/\/konf-wcsm2025.uafm.edu.pl\/\" target=\"_blank\" rel=\"noopener\">https:\/\/konf-wcsm2025.uafm.edu.pl\/<\/a><\/p><p>Oraz pod adresem wydarzenia:<br \/><a style=\"color: #1ebbf0;\" href=\"https:\/\/www.facebook.com\/events\/956898993075155\" target=\"_blank\" rel=\"noopener\">https:\/\/www.facebook.com\/events\/956898993075155<\/a><\/p><\/div>\n\t\t\t\t<\/div>\n\t\t\t\t\t\t\t<div class=\"elementor-accordion-item\">\n\t\t\t\t\t<div id=\"elementor-tab-title-2603\" class=\"elementor-tab-title\" data-tab=\"3\" role=\"tab\" aria-controls=\"elementor-tab-content-2603\" aria-expanded=\"false\">\n\t\t\t\t\t\t\t\t\t\t\t\t\t<span class=\"elementor-accordion-icon elementor-accordion-icon-left\" aria-hidden=\"true\">\n\t\t\t\t\t\t\t\t\t\t\t\t\t\t\t<span class=\"elementor-accordion-icon-closed\"><i class=\"fas fa-procedures\"><\/i><\/span>\n\t\t\t\t\t\t\t\t<span class=\"elementor-accordion-icon-opened\"><i class=\"fas fa-minus\"><\/i><\/span>\n\t\t\t\t\t\t\t\t\t\t\t\t\t\t<\/span>\n\t\t\t\t\t\t\t\t\t\t\t\t<a class=\"elementor-accordion-title\" href=\"\">Konferencja Naukowo - Szkoleniowa pt. \u201eZdrowie kobiet w dowolnym okresie \u017cycia\u201d<\/a>\n\t\t\t\t\t<\/div>\n\t\t\t\t\t<div id=\"elementor-tab-content-2603\" class=\"elementor-tab-content elementor-clearfix\" data-tab=\"3\" role=\"tabpanel\" aria-labelledby=\"elementor-tab-title-2603\"><p>W dniach\u00a0<span style=\"font-weight: bold;\">03\u201305.04.2025<\/span>\u00a0<span style=\"font-weight: bold;\">roku<\/span>\u00a0w Hotelu Cristal SPA w D\u017awirzynie, odb\u0119dzie si\u0119 Konferencja Naukowo-Szkoleniowa pt. \u201eZdrowie kobiet w dowolnym okresie \u017cycia\u201d. Organizatorami s\u0105: Wydzia\u0142 Nauk o Zdrowiu Pomorskiego Uniwersytetu Medycznego w Szczecinie oraz Szczeci\u0144skie Centrum Zdrowia SP ZOZ.<\/p><p>Konferencja skierowana jest do os\u00f3b aktywnych naukowo, kt\u00f3re prowadz\u0105 badania i realizuj\u0105 si\u0119 w szeroko poj\u0119tym obszarze medycznym, naukach o zdrowiu oraz promocji i ochronie zdrowia. Uczestnikami wydarzenia mog\u0105 by\u0107: pracownicy naukowi, doktoranci, studenci, zaproszeni Go\u015bcie oraz przedstawiciele firm.<\/p><p>W programie wydarzenia zaplanowano 3 bloki aktywno\u015bci:<\/p><ul><li>SESJA INAUGURACYJNA (03.04.2025r.), \u00a0<\/li><li>WARSZTATY \u201eSymulacje medyczne w po\u0142o\u017cnictwie i ginekologii\u201d (04.04.2025r.)\u00a0<\/li><li>SESJA NAUKOWA (05.04.2025r.)<\/li><\/ul><p>Rejestracja uczestnictwa w Konferencji dost\u0119pna jest poprzez formularz. Zgodnie z Regulaminem Uczestnicy, kt\u00f3rzy planuj\u0105 przygotowa\u0107 wyst\u0105pienie ustne zobowi\u0105zani s\u0105 do przes\u0142ania abstrakt\u00f3w naukowych w terminie<span style=\"font-weight: bold;\">\u00a0do 31 marca 2025 r.\u00a0<\/span>na adres e-mail:\u00a0<a style=\"color: #1ebbf0;\" href=\"mailto:fampiel@pum.edu.pl\">fampiel@pum.edu.pl<\/a><\/p><p><span style=\"font-weight: bold;\">FORMULARZ REJESTRACYJNY:\u00a0<\/span><a style=\"color: #1ebbf0;\" href=\"https:\/\/forms.office.com\/e\/8JLSsRfPGM\"><span style=\"font-weight: bold;\">https:\/\/forms.office.com\/e\/8JLSsRfPGM<\/span><\/a><\/p><p>Udzia\u0142 w Konferencji jest p\u0142atny, a wysoko\u015b\u0107 op\u0142aty uzale\u017cniona jest od standardu zakwaterowania w miejscu wydarzenia. Koszt uczestnictwa obejmuje udzia\u0142 w aktywno\u015bciach programowych, uzyskanie certyfikatu oraz materia\u0142y pokonferencyjne, wydawane w dniu Konferencji, 2 noclegi, wy\u017cywienie oraz uroczyst\u0105 kolacj\u0119.<\/p><p>Wariant 1. Pok\u00f3j jednoosobowy \u2013\u00a0<span style=\"font-weight: bold;\">1200 z\u0142 \/ osoba<\/span><\/p><p>Wariant 2. Pok\u00f3j dwuosobowy \u2013\u00a0<span style=\"font-weight: bold;\">900 z\u0142 \/ osoba<\/span><\/p><p>Op\u0142aty nale\u017cy dokona\u0107 w terminie\u00a0<span style=\"font-weight: bold;\">do 28 marca 2025 roku\u00a0<\/span>na konto Organizatora z dopiskiem\u00a0<span style=\"font-weight: bold;\"><em>Konferencja<\/em><\/span>:<\/p><p>SZCZECI\u0143SKIE CENTRUM ZDROWIA SP ZOZ BANK BNP PARIBAS<\/p><p>76 1750 1077 0000 0000 0425 8711<\/p><p>Pytania do Organizatora nale\u017cy kierowa\u0107 na adres:\u00a0<a style=\"color: #1ebbf0;\" href=\"mailto:fampiel@pum.edu.pl\"><span style=\"font-weight: bold;\">fampiel@pum.edu.pl<\/span><\/a>\u00a0z dopiskiem<span style=\"font-weight: bold;\">\u00a0<em>Konferencja<\/em><\/span><\/p><p>Do pobrania &#8211;&gt;\u00a0<a style=\"color: #1ebbf0;\" href=\"http:\/\/ptsm.com.pl\/simorg\/wp-content\/uploads\/2025\/02\/program.docx\">Program szkolenia<\/a><\/p><\/div>\n\t\t\t\t<\/div>\n\t\t\t\t\t\t\t<div class=\"elementor-accordion-item\">\n\t\t\t\t\t<div id=\"elementor-tab-title-2604\" class=\"elementor-tab-title\" data-tab=\"4\" role=\"tab\" aria-controls=\"elementor-tab-content-2604\" aria-expanded=\"false\">\n\t\t\t\t\t\t\t\t\t\t\t\t\t<span class=\"elementor-accordion-icon elementor-accordion-icon-left\" aria-hidden=\"true\">\n\t\t\t\t\t\t\t\t\t\t\t\t\t\t\t<span class=\"elementor-accordion-icon-closed\"><i class=\"fas fa-procedures\"><\/i><\/span>\n\t\t\t\t\t\t\t\t<span class=\"elementor-accordion-icon-opened\"><i class=\"fas fa-minus\"><\/i><\/span>\n\t\t\t\t\t\t\t\t\t\t\t\t\t\t<\/span>\n\t\t\t\t\t\t\t\t\t\t\t\t<a class=\"elementor-accordion-title\" href=\"\"> Pierwsza w historii seria webinar\u00f3w! <\/a>\n\t\t\t\t\t<\/div>\n\t\t\t\t\t<div id=\"elementor-tab-content-2604\" class=\"elementor-tab-content elementor-clearfix\" data-tab=\"4\" role=\"tabpanel\" aria-labelledby=\"elementor-tab-title-2604\"><p>Z rado\u015bci\u0105 og\u0142aszamy uruchomienie naszej pierwszej w historii serii\u00a0webinar\u00f3w!\u00a0<\/p><div>W ka\u017cdym odcinku odb\u0119d\u0105 si\u0119 wywiady z innowatorami w dziedzinie symulacji, podczas pierwszego z nich (25 czerwca 2024r. WTOREK) om\u00f3wione zosta\u0142y ostatnie konferencje, co nowego widzieli\u015bmy oraz standardy. W oparciu o Polskie Towarzystwo Symulacji Medycznej chcemy pochyli\u0107 si\u0119 nad rozwojem nauki o symulacji opieki zdrowotnej, a te webinary s\u0105 przed\u0142u\u017ceniem naszej pasji do symulacji.<\/div><div>\u00a0<\/div><div style=\"text-align: center;\"><span style=\"font-weight: bold;\">Webinar\u00a0&#8222;Symulacja Medyczna &#8211; krok ku przysz\u0142o\u015bci w ochronie zdrowia<\/span><\/div><div style=\"text-align: center;\"><a style=\"color: #1ebbf0;\" href=\"https:\/\/www.youtube.com\/live\/JP8rbz-rGUU\">https:\/\/youtu.be\/JP8rbz-rGUU<\/a><\/div><\/div>\n\t\t\t\t<\/div>\n\t\t\t\t\t\t\t\t<\/div>\n\t\t\t\t<\/div>\n\t\t\t\t<\/div>\n\t\t\t\t\t\t<\/div>\n\t\t\t\t\t<\/div>\n\t\t<\/div>\n\t\t\t\t\t\t\t\t<\/div>\n\t\t\t\t\t<\/div>\n\t\t<\/section>\n\t\t\t\t<section class=\"elementor-section elementor-top-section elementor-element elementor-element-5a079d7 elementor-section-boxed elementor-section-height-default elementor-section-height-default\" data-id=\"5a079d7\" data-element_type=\"section\">\n\t\t\t\t\t\t<div class=\"elementor-container elementor-column-gap-default\">\n\t\t\t\t\t\t\t<div class=\"elementor-row\">\n\t\t\t\t\t<div class=\"elementor-column elementor-col-100 elementor-top-column elementor-element elementor-element-7937706\" data-id=\"7937706\" data-element_type=\"column\">\n\t\t\t<div class=\"elementor-column-wrap\">\n\t\t\t\t\t\t\t<div class=\"elementor-widget-wrap\">\n\t\t\t\t\t\t\t\t<\/div>\n\t\t\t\t\t<\/div>\n\t\t<\/div>\n\t\t\t\t\t\t\t\t<\/div>\n\t\t\t\t\t<\/div>\n\t\t<\/section>\n\t\t\t\t<section class=\"elementor-section elementor-top-section elementor-element elementor-element-84c427e elementor-section-boxed elementor-section-height-default elementor-section-height-default\" data-id=\"84c427e\" data-element_type=\"section\">\n\t\t\t\t\t\t<div class=\"elementor-container elementor-column-gap-default\">\n\t\t\t\t\t\t\t<div class=\"elementor-row\">\n\t\t\t\t\t<div class=\"elementor-column elementor-col-100 elementor-top-column elementor-element elementor-element-e7ebb29\" data-id=\"e7ebb29\" data-element_type=\"column\">\n\t\t\t<div class=\"elementor-column-wrap\">\n\t\t\t\t\t\t\t<div class=\"elementor-widget-wrap\">\n\t\t\t\t\t\t\t\t<\/div>\n\t\t\t\t\t<\/div>\n\t\t<\/div>\n\t\t\t\t\t\t\t\t<\/div>\n\t\t\t\t\t<\/div>\n\t\t<\/section>\n\t\t\t\t\t\t\t\t\t<\/div>\n\t\t\t<\/div>\n\t\t\t\t\t<\/div>\n\t\t","protected":false},"excerpt":{"rendered":"<p>ZAPROSZENIE NA I KONGRES PTSM \u00a0ZAPROSZENIE NA I KONGRES PTSM\u00a0 \u00a0Szanowni Cz\u0142onkowie i Cz\u0142onkinie PTSM,\u00a0Drogie Kole\u017canki, Drodzy Koledzy,\u00a0Z ogromn\u0105 rado\u015bci\u0105 i lekk\u0105 tachykardi\u0105 zapraszamy na I Zjazd Polskiego Towarzystwa Symulacji Medycznej!\u00a0Gdzie? Tam, gdzie adrenalina spotyka edukacj\u0119.\u00a0Kiedy? 11-12 grudnia \u2013 wi\u0119c nie odk\u0142adajcie tego na p\u00f3\u017aniej jak badania profilaktyczne!\u00a0Wierzymy, \u017ce razem tworzymy \u015brodowisko, w kt\u00f3rym:\u2022 relacje&hellip;<\/p>\n","protected":false},"author":1,"featured_media":0,"parent":0,"menu_order":0,"comment_status":"closed","ping_status":"closed","template":"","meta":{"footnotes":""},"_links":{"self":[{"href":"http:\/\/ptsm.com.pl\/simorg\/index.php?rest_route=\/wp\/v2\/pages\/1823"}],"collection":[{"href":"http:\/\/ptsm.com.pl\/simorg\/index.php?rest_route=\/wp\/v2\/pages"}],"about":[{"href":"http:\/\/ptsm.com.pl\/simorg\/index.php?rest_route=\/wp\/v2\/types\/page"}],"author":[{"embeddable":true,"href":"http:\/\/ptsm.com.pl\/simorg\/index.php?rest_route=\/wp\/v2\/users\/1"}],"replies":[{"embeddable":true,"href":"http:\/\/ptsm.com.pl\/simorg\/index.php?rest_route=%2Fwp%2Fv2%2Fcomments&post=1823"}],"version-history":[{"count":147,"href":"http:\/\/ptsm.com.pl\/simorg\/index.php?rest_route=\/wp\/v2\/pages\/1823\/revisions"}],"predecessor-version":[{"id":2263,"href":"http:\/\/ptsm.com.pl\/simorg\/index.php?rest_route=\/wp\/v2\/pages\/1823\/revisions\/2263"}],"wp:attachment":[{"href":"http:\/\/ptsm.com.pl\/simorg\/index.php?rest_route=%2Fwp%2Fv2%2Fmedia&parent=1823"}],"curies":[{"name":"wp","href":"https:\/\/api.w.org\/{rel}","templated":true}]}}