{"id":40,"date":"2020-09-01T22:37:41","date_gmt":"2020-09-01T20:37:41","guid":{"rendered":"http:\/\/ptsm.com.pl\/simorg\/?page_id=40"},"modified":"2025-11-03T11:59:16","modified_gmt":"2025-11-03T10:59:16","slug":"czlonkostwo","status":"publish","type":"page","link":"http:\/\/ptsm.com.pl\/simorg\/?page_id=40","title":{"rendered":"Cz\u0142onkostwo"},"content":{"rendered":"\n<hr class=\"wp-block-separator aligncenter has-alpha-channel-opacity is-style-wide\"\/>\n\n\n\n<p><strong>Op\u0142aty cz\u0142onkowskie:<\/strong><\/p>\n\n\n\n<p>Wpisowe (administracyjne) jednorazowe 20z\u0142; sk\u0142adka roczna 100z\u0142.<br>Deklaracja cz\u0142onkowska online \u2013 link: <a href=\"https:\/\/forms.gle\/TU42GNUmFEvvRXEL7\">https:\/\/forms.gle\/TU42GNUmFEvvRXEL7<\/a><\/p>\n\n\n\n<hr class=\"wp-block-separator aligncenter has-alpha-channel-opacity is-style-wide\"\/>\n\n\n\n<p><strong>Celem Towarzystwa jest (ze statutu PTSM):<\/strong><\/p>\n\n\n\n<ul>\n<li>Rozwijanie, propagowanie i tworzenie inicjatyw, program\u00f3w, postaw i dzia\u0142a\u0144 wspomagaj\u0105cych funkcjonowanie symulacji medycznej.<\/li>\n<\/ul>\n\n\n\n<ul>\n<li>Wszechstronne propagowanie profesjonalizmu, samodzielno\u015bci i nowoczesnych standard\u00f3w nauczania przy pomocy symulacji medycznej.<\/li>\n<\/ul>\n\n\n\n<ul>\n<li>Wspieranie i tworzenie dzia\u0142a\u0144 zmierzaj\u0105cych w kierunku realizacji program\u00f3w promuj\u0105cych ratowanie \u017cycia, ochron\u0119 zdrowia i edukacj\u0119 medyczn\u0105.<\/li>\n<\/ul>\n\n\n\n<ul>\n<li>Integracja \u015brodowiska medycznego oraz instytucji zwi\u0105zanych z nauczaniem.<\/li>\n<\/ul>\n\n\n\n<p><strong>Korzy\u015bci dla cz\u0142onka PTSM:<\/strong><\/p>\n\n\n\n<ul>\n<li>Mo\u017cliwo\u015b\u0107 aktywnego udzia\u0142u w prowadzeniu projekt\u00f3w badawczych i edukacyjnych.<\/li>\n<\/ul>\n\n\n\n<ul>\n<li>Korzystanie z wypracowanych przez PTSM lub naszych partner\u00f3w zagranicznych rekomendacji i materia\u0142\u00f3w dydaktycznych dotycz\u0105cych symulacji medycznej.<\/li>\n<\/ul>\n\n\n\n<ul>\n<li>Udzia\u0142 w wydarzeniach naukowych i dydaktycznych.<\/li>\n<\/ul>\n\n\n\n<ul>\n<li>Ulgowe op\u0142aty przy uczestniczeniu w kongresach, konferencjach i szkoleniach organizowanych przez Towarzystwo oraz otrzymywanie informacji kongresowych, konferencyjnych i edukacyjnych.<\/li>\n<\/ul>\n\n\n\n<ul>\n<li>Aktywny udzia\u0142 w tworzeniu i opiniowaniu dokument\u00f3w dotycz\u0105cych symulacji medycznej.<\/li>\n<\/ul>\n\n\n\n<ul>\n<li>Rozw\u00f3j \u015brodowiska lider\u00f3w symulacji medycznej.<\/li>\n<\/ul>\n\n\n\n<ul>\n<li>Wspieramy i \u0142\u0105czymy centra symulacji medycznej.<\/li>\n<\/ul>\n\n\n\n<hr class=\"wp-block-separator aligncenter has-alpha-channel-opacity is-style-wide\"\/>\n","protected":false},"excerpt":{"rendered":"<p>Op\u0142aty cz\u0142onkowskie: Wpisowe (administracyjne) jednorazowe 20z\u0142; sk\u0142adka roczna 100z\u0142.Deklaracja cz\u0142onkowska online \u2013 link: https:\/\/forms.gle\/TU42GNUmFEvvRXEL7 Celem Towarzystwa jest (ze statutu PTSM): Korzy\u015bci dla cz\u0142onka PTSM:<\/p>\n","protected":false},"author":1,"featured_media":0,"parent":0,"menu_order":0,"comment_status":"closed","ping_status":"closed","template":"","meta":{"footnotes":""},"_links":{"self":[{"href":"http:\/\/ptsm.com.pl\/simorg\/index.php?rest_route=\/wp\/v2\/pages\/40"}],"collection":[{"href":"http:\/\/ptsm.com.pl\/simorg\/index.php?rest_route=\/wp\/v2\/pages"}],"about":[{"href":"http:\/\/ptsm.com.pl\/simorg\/index.php?rest_route=\/wp\/v2\/types\/page"}],"author":[{"embeddable":true,"href":"http:\/\/ptsm.com.pl\/simorg\/index.php?rest_route=\/wp\/v2\/users\/1"}],"replies":[{"embeddable":true,"href":"http:\/\/ptsm.com.pl\/simorg\/index.php?rest_route=%2Fwp%2Fv2%2Fcomments&post=40"}],"version-history":[{"count":113,"href":"http:\/\/ptsm.com.pl\/simorg\/index.php?rest_route=\/wp\/v2\/pages\/40\/revisions"}],"predecessor-version":[{"id":2128,"href":"http:\/\/ptsm.com.pl\/simorg\/index.php?rest_route=\/wp\/v2\/pages\/40\/revisions\/2128"}],"wp:attachment":[{"href":"http:\/\/ptsm.com.pl\/simorg\/index.php?rest_route=%2Fwp%2Fv2%2Fmedia&parent=40"}],"curies":[{"name":"wp","href":"https:\/\/api.w.org\/{rel}","templated":true}]}}